{"id":2,"date":"2022-10-07T12:44:35","date_gmt":"2022-10-07T12:44:35","guid":{"rendered":"https:\/\/ideenschmiede-kassel.de\/?page_id=2"},"modified":"2025-07-31T15:16:00","modified_gmt":"2025-07-31T15:16:00","slug":"sample-page","status":"publish","type":"page","link":"https:\/\/ideenschmiede-kassel.de\/","title":{"rendered":"Willkommen in der Ideenschmiede Kassel"},"content":{"rendered":"\n<blockquote class=\"wp-block-quote is-layout-flow wp-block-quote-is-layout-flow\">\n<blockquote class=\"wp-block-quote is-layout-flow wp-block-quote-is-layout-flow\">\n<h2 class=\"wp-block-heading\">&#8222;<em>Der beste Weg, eine gute Idee zu haben, ist, viele Ideen zu haben.&#8220;<\/em><\/h2>\n<\/blockquote>\n<\/blockquote>\n\n\n\n<blockquote class=\"wp-block-quote is-layout-flow wp-block-quote-is-layout-flow\">\n<p>Linus Carl Pauling (1901-1994)<\/p>\n<\/blockquote>\n\n\n\n<p>Ideen sind das Herzst\u00fcck unseres Lebens. Sie treiben Innovationen voran, bringen Ver\u00e4nderung und er\u00f6ffnen unendliche M\u00f6glichkeiten. Bei uns steht die F\u00f6rderung von Kreativit\u00e4t und Innovation im Mittelpunkt. Lassen Sie uns gemeinsam neue Ideen entwickeln! <\/p>\n\n\n\n<div class=\"wp-block-buttons is-content-justification-center is-layout-flex wp-container-core-buttons-is-layout-16018d1d wp-block-buttons-is-layout-flex\">\n<div class=\"wp-block-button has-custom-width wp-block-button__width-50 is-style-outline is-style-outline--1\"><a class=\"wp-block-button__link wp-element-button\" href=\"mailto: hallo@ideenschmiede-kassel.de\">Kontakt<\/a><\/div>\n<\/div>\n\n\n\n<p><\/p>\n","protected":false},"excerpt":{"rendered":"<p>Linus Carl Pauling (1901-1994) Ideen sind das Herzst\u00fcck unseres Lebens. Sie treiben Innovationen voran, bringen Ver\u00e4nderung und er\u00f6ffnen unendliche M\u00f6glichkeiten. Bei uns steht die F\u00f6rderung von Kreativit\u00e4t und Innovation im Mittelpunkt. Lassen Sie uns gemeinsam neue Ideen entwickeln!<\/p>\n","protected":false},"author":1,"featured_media":33,"parent":0,"menu_order":0,"comment_status":"closed","ping_status":"open","template":"","meta":{"footnotes":"[]"},"class_list":["post-2","page","type-page","status-publish","has-post-thumbnail","hentry"],"_links":{"self":[{"href":"https:\/\/ideenschmiede-kassel.de\/index.php?rest_route=\/wp\/v2\/pages\/2","targetHints":{"allow":["GET"]}}],"collection":[{"href":"https:\/\/ideenschmiede-kassel.de\/index.php?rest_route=\/wp\/v2\/pages"}],"about":[{"href":"https:\/\/ideenschmiede-kassel.de\/index.php?rest_route=\/wp\/v2\/types\/page"}],"author":[{"embeddable":true,"href":"https:\/\/ideenschmiede-kassel.de\/index.php?rest_route=\/wp\/v2\/users\/1"}],"replies":[{"embeddable":true,"href":"https:\/\/ideenschmiede-kassel.de\/index.php?rest_route=%2Fwp%2Fv2%2Fcomments&post=2"}],"version-history":[{"count":16,"href":"https:\/\/ideenschmiede-kassel.de\/index.php?rest_route=\/wp\/v2\/pages\/2\/revisions"}],"predecessor-version":[{"id":94,"href":"https:\/\/ideenschmiede-kassel.de\/index.php?rest_route=\/wp\/v2\/pages\/2\/revisions\/94"}],"wp:featuredmedia":[{"embeddable":true,"href":"https:\/\/ideenschmiede-kassel.de\/index.php?rest_route=\/wp\/v2\/media\/33"}],"wp:attachment":[{"href":"https:\/\/ideenschmiede-kassel.de\/index.php?rest_route=%2Fwp%2Fv2%2Fmedia&parent=2"}],"curies":[{"name":"wp","href":"https:\/\/api.w.org\/{rel}","templated":true}]}}